{"id":50,"date":"2013-03-17T10:59:26","date_gmt":"2013-03-17T08:59:26","guid":{"rendered":"http:\/\/www.bodrumsseiten.de\/?page_id=50"},"modified":"2019-10-27T16:03:33","modified_gmt":"2019-10-27T15:03:33","slug":"bodrum-guvercinlik","status":"publish","type":"page","link":"http:\/\/bodrumsseiten.de\/en\/bodrum-umgebung\/bodrum-guvercinlik\/","title":{"rendered":"G\u00fcvercinlik"},"content":{"rendered":"<figure id=\"attachment_1677\" aria-describedby=\"caption-attachment-1677\" style=\"width: 300px\" class=\"wp-caption alignleft\"><a href=\"http:\/\/bodrumsseiten.de\/wp-content\/uploads\/Guevercinlik-82013018.jpg\"><img decoding=\"async\" loading=\"lazy\" class=\"size-medium wp-image-1677 \" src=\"http:\/\/bodrumsseiten.de\/wp-content\/uploads\/Guevercinlik-82013018-300x199.jpg\" alt=\"Guevercinlik Hafen\" width=\"300\" height=\"199\" srcset=\"http:\/\/bodrumsseiten.de\/wp-content\/uploads\/Guevercinlik-82013018-300x199.jpg 300w, http:\/\/bodrumsseiten.de\/wp-content\/uploads\/Guevercinlik-82013018.jpg 1024w\" sizes=\"(max-width: 300px) 100vw, 300px\" \/><\/a><figcaption id=\"caption-attachment-1677\" class=\"wp-caption-text\">The small fishing port of G\u00fcvercinlik.<\/figcaption><\/figure>\n<p>G\u00fcvercinlik is the first settlement towards Bodrum, with a sea that rests like a lake. All around small hotels, restaurants and houses. Opposite the island Salih. G\u00fcvercinlik is a place that says &#8220;hello&#8221; to Bodrum. On the hill to the east of Salih Island, a tall and spacious island, stand fir forests, its foothills are dotted with olive trees. The bay in the southeast of the island, on whose coast a white house stands, is the most beautiful bay of the island. It is full of trees and has a sandy beach. Despite the pollution in recent years, with fish farms nearby, the sea is still clear. Meanwhile, all fish farms have been moved from the bay, towards the open sea. In the south there is another bay, on which a settlement with 7.8 holiday homes stands. Although it is claimed that the ancient city of Karyansa was located on Salih Island, remains that could prove the existence of a settlement are virtually extinguished. According to this statement, the inhabitants of Karyanda left the island, settled near T\u00fcrkb\u00fck\u00fc \/ G\u00f6lk\u00f6y and founded the New Karyanda there.<\/p>\n<figure id=\"attachment_1705\" aria-describedby=\"caption-attachment-1705\" style=\"width: 300px\" class=\"wp-caption alignleft\"><a href=\"http:\/\/bodrumsseiten.de\/wp-content\/uploads\/Guevercinlik-82013058.jpg\"><img decoding=\"async\" loading=\"lazy\" class=\"size-medium wp-image-1705\" src=\"http:\/\/bodrumsseiten.de\/wp-content\/uploads\/Guevercinlik-82013058-300x225.jpg\" alt=\"G\u00fcvercinlik Markt\" width=\"300\" height=\"225\" srcset=\"http:\/\/bodrumsseiten.de\/wp-content\/uploads\/Guevercinlik-82013058-300x225.jpg 300w, http:\/\/bodrumsseiten.de\/wp-content\/uploads\/Guevercinlik-82013058.jpg 1024w\" sizes=\"(max-width: 300px) 100vw, 300px\" \/><\/a><figcaption id=\"caption-attachment-1705\" class=\"wp-caption-text\">G\u00fcvercinlik Markt<\/figcaption><\/figure>\n<p>Once a week, every Monday, there is a market in G\u00fcvercinlik. The market is set up at 07:00 and lasts the whole day. Only in the evening, the sellers begin to reduce their stalls. Many sellers come from outside to offer their goods. But since this is a small village market, you can see the farmers from the area coming. Watermelons e.g. are approached immediately with the tractor. Many women farmers also simply spread a cloth and offer on this their goods, which you usually grow yourself. Basically, the prices are low compared to European prices. In spite of that you can haggle peacefully. To give an example: tomatoes: 0,50 YTL \/ kg, grapes and figs: 2,50 YTL \/ kg, sugar melons: 1, -YTL \/ pcs.<\/p>\n<p><a href=\"http:\/\/bodrumsseiten.de\/wp-content\/uploads\/Guevercinlik-82013052.jpg\"><img decoding=\"async\" loading=\"lazy\" class=\"alignright size-medium wp-image-1700\" src=\"http:\/\/bodrumsseiten.de\/wp-content\/uploads\/Guevercinlik-82013052-300x225.jpg\" alt=\"G\u00fcvercinlik K\u00fcste\" width=\"300\" height=\"225\" srcset=\"http:\/\/bodrumsseiten.de\/wp-content\/uploads\/Guevercinlik-82013052-300x225.jpg 300w, http:\/\/bodrumsseiten.de\/wp-content\/uploads\/Guevercinlik-82013052.jpg 1024w\" sizes=\"(max-width: 300px) 100vw, 300px\" \/><\/a>In the meantime, of course, the village is developing like everything else in the world. Now there is an ATM and also a pharmacy. The sewage system is finished and will be put into operation after the test runs. Also, the water of the bay has become much clearer (since the fish farms were moved). There is even in the men&#8217;s cafe, in part of it, an 8-PC Internet cafe. Click on photos for the pictures of G\u00fcvercinlik &#8230;<\/p>\n","protected":false},"excerpt":{"rendered":"<p>G\u00fcvercinlik is the first settlement towards Bodrum, with a sea that rests like a lake. All around small hotels, restaurants and houses. Opposite the island Salih. G\u00fcvercinlik is a place that says &#8220;hello&#8221; to Bodrum. On the hill to the east of Salih Island, a tall and spacious island, stand fir forests, its foothills are &hellip; <a href=\"http:\/\/bodrumsseiten.de\/en\/bodrum-umgebung\/bodrum-guvercinlik\/\" class=\"more-link\">Continue reading <span class=\"screen-reader-text\">G\u00fcvercinlik<\/span> <span class=\"meta-nav\">&rarr;<\/span><\/a><\/p>\n","protected":false},"author":1,"featured_media":0,"parent":13,"menu_order":1,"comment_status":"closed","ping_status":"open","template":"","meta":[],"translation":{"provider":"WPGlobus","version":"3.0.1","language":"en","enabled_languages":["de","en"],"languages":{"de":{"title":true,"content":true,"excerpt":false},"en":{"title":false,"content":true,"excerpt":false}}},"jetpack_sharing_enabled":true,"_links":{"self":[{"href":"http:\/\/bodrumsseiten.de\/en\/wp-json\/wp\/v2\/pages\/50"}],"collection":[{"href":"http:\/\/bodrumsseiten.de\/en\/wp-json\/wp\/v2\/pages"}],"about":[{"href":"http:\/\/bodrumsseiten.de\/en\/wp-json\/wp\/v2\/types\/page"}],"author":[{"embeddable":true,"href":"http:\/\/bodrumsseiten.de\/en\/wp-json\/wp\/v2\/users\/1"}],"replies":[{"embeddable":true,"href":"http:\/\/bodrumsseiten.de\/en\/wp-json\/wp\/v2\/comments?post=50"}],"version-history":[{"count":11,"href":"http:\/\/bodrumsseiten.de\/en\/wp-json\/wp\/v2\/pages\/50\/revisions"}],"predecessor-version":[{"id":377,"href":"http:\/\/bodrumsseiten.de\/en\/wp-json\/wp\/v2\/pages\/50\/revisions\/377"}],"up":[{"embeddable":true,"href":"http:\/\/bodrumsseiten.de\/en\/wp-json\/wp\/v2\/pages\/13"}],"wp:attachment":[{"href":"http:\/\/bodrumsseiten.de\/en\/wp-json\/wp\/v2\/media?parent=50"}],"curies":[{"name":"wp","href":"https:\/\/api.w.org\/{rel}","templated":true}]}}