{"id":470,"date":"2013-03-31T15:55:27","date_gmt":"2013-03-31T14:55:27","guid":{"rendered":"http:\/\/www.bodrumsseiten.de\/?page_id=470"},"modified":"2014-01-08T13:14:59","modified_gmt":"2014-01-08T12:14:59","slug":"gumusluk-myndos-fotos-bodrum","status":"publish","type":"page","link":"http:\/\/bodrumsseiten.de\/en\/bodrum-fotos\/gumusluk-myndos-fotos-bodrum\/","title":{"rendered":"G\u00fcm\u00fcsl\u00fck-Myndos"},"content":{"rendered":"<h3><span style=\"color: #0000ff;\"><em>G\u00fcm\u00fcsl\u00fck, das Antike Myndos<\/em><\/span><\/h3>\n<h5><em>Alle Fotos sind nur zur Ansicht gedacht, keine verwendung ohne vorherige Genehmigung!<\/em><\/h5>\n<div align=\"center\"><script type=\"text\/javascript\" src=\"\/\/pagead2.googlesyndication.com\/pagead\/js\/adsbygoogle.js\" async=\"\"><\/script><!-- 468x15 Horizontal Large --><ins class=\"adsbygoogle\" style=\"display: inline-block; width: 468px; height: 15px;\" data-ad-client=\"ca-pub-4451515442406485\" data-ad-slot=\"6880517762\"><\/ins><script type=\"text\/javascript\">\/\/ <![CDATA[\n(adsbygoogle = window.adsbygoogle || []).push({});\n\/\/ ]]><\/script><\/div>\n<p><a href=\"http:\/\/www.bodrumsseiten.de\/bodrum-fotos\/gumusluk-myndos-fotos-bodrum\/gumusluk-wasserweg\/\" rel=\"attachment wp-att-475\"><img decoding=\"async\" loading=\"lazy\" class=\"alignnone size-thumbnail wp-image-475\" alt=\"G\u00fcm\u00fcsl\u00fck Wasserweg\" src=\"http:\/\/www.bodrumsseiten.de\/wp-content\/uploads\/G\u00fcm\u00fcsl\u00fck01-150x150.jpg\" width=\"150\" height=\"150\" \/><\/a> <a href=\"http:\/\/www.bodrumsseiten.de\/bodrum-fotos\/gumusluk-myndos-fotos-bodrum\/gumusluk-insel\/\" rel=\"attachment wp-att-476\"><img decoding=\"async\" loading=\"lazy\" class=\"alignnone size-thumbnail wp-image-476\" alt=\"G\u00fcm\u00fcsl\u00fck Insel\" src=\"http:\/\/www.bodrumsseiten.de\/wp-content\/uploads\/G\u00fcm\u00fcsl\u00fck02-150x150.jpg\" width=\"150\" height=\"150\" \/><\/a> <a href=\"http:\/\/www.bodrumsseiten.de\/bodrum-fotos\/gumusluk-myndos-fotos-bodrum\/gumusluk-halbinsel\/\" rel=\"attachment wp-att-477\"><img decoding=\"async\" loading=\"lazy\" class=\"alignnone size-thumbnail wp-image-477\" alt=\"G\u00fcm\u00fcsl\u00fck Halbinsel\" src=\"http:\/\/www.bodrumsseiten.de\/wp-content\/uploads\/G\u00fcm\u00fcsl\u00fck03-150x150.jpg\" width=\"150\" height=\"150\" \/><\/a> <a href=\"http:\/\/www.bodrumsseiten.de\/bodrum-fotos\/gumusluk-myndos-fotos-bodrum\/gumusluk-dorf\/\" rel=\"attachment wp-att-478\"><img decoding=\"async\" loading=\"lazy\" class=\"alignnone size-thumbnail wp-image-478\" alt=\"G\u00fcm\u00fcsl\u00fck Dorf\" src=\"http:\/\/www.bodrumsseiten.de\/wp-content\/uploads\/G\u00fcm\u00fcsl\u00fck04-150x150.jpg\" width=\"150\" height=\"150\" \/><\/a> <a href=\"http:\/\/www.bodrumsseiten.de\/bodrum-fotos\/gumusluk-myndos-fotos-bodrum\/gumusluk-meer\/\" rel=\"attachment wp-att-479\"><img decoding=\"async\" loading=\"lazy\" class=\"alignnone size-thumbnail wp-image-479\" alt=\"G\u00fcm\u00fcsl\u00fck Meer\" src=\"http:\/\/www.bodrumsseiten.de\/wp-content\/uploads\/G\u00fcm\u00fcsl\u00fck05-150x150.jpg\" width=\"150\" height=\"150\" \/><\/a> <a href=\"http:\/\/www.bodrumsseiten.de\/bodrum-fotos\/gumusluk-myndos-fotos-bodrum\/gumusluk-westseite\/\" rel=\"attachment wp-att-480\"><img decoding=\"async\" loading=\"lazy\" class=\"alignnone size-thumbnail wp-image-480\" alt=\"G\u00fcm\u00fcsl\u00fck Westseite\" src=\"http:\/\/www.bodrumsseiten.de\/wp-content\/uploads\/G\u00fcm\u00fcsl\u00fck06-150x150.jpg\" width=\"150\" height=\"150\" \/><\/a> <a href=\"http:\/\/www.bodrumsseiten.de\/bodrum-fotos\/gumusluk-myndos-fotos-bodrum\/gumusluk-ostseite\/\" rel=\"attachment wp-att-481\"><img decoding=\"async\" loading=\"lazy\" class=\"alignnone size-thumbnail wp-image-481\" alt=\"G\u00fcm\u00fcsl\u00fck Ostseite\" src=\"http:\/\/www.bodrumsseiten.de\/wp-content\/uploads\/G\u00fcm\u00fcsl\u00fck07-150x150.jpg\" width=\"150\" height=\"150\" \/><\/a> <a href=\"http:\/\/www.bodrumsseiten.de\/bodrum-fotos\/gumusluk-myndos-fotos-bodrum\/gumusluk-wanderer\/\" rel=\"attachment wp-att-482\"><img decoding=\"async\" loading=\"lazy\" class=\"alignnone size-thumbnail wp-image-482\" alt=\"G\u00fcm\u00fcsl\u00fck Wanderer\" src=\"http:\/\/www.bodrumsseiten.de\/wp-content\/uploads\/G\u00fcm\u00fcsl\u00fck08-150x150.jpg\" width=\"150\" height=\"150\" \/><\/a> <a href=\"http:\/\/www.bodrumsseiten.de\/bodrum-fotos\/gumusluk-myndos-fotos-bodrum\/gumusluk-wasserbruecke\/\" rel=\"attachment wp-att-483\"><img decoding=\"async\" loading=\"lazy\" class=\"alignnone size-thumbnail wp-image-483\" alt=\"G\u00fcm\u00fcsl\u00fck Wasserbr\u00fccke\" src=\"http:\/\/www.bodrumsseiten.de\/wp-content\/uploads\/G\u00fcm\u00fcsl\u00fck09-150x150.jpg\" width=\"150\" height=\"150\" \/><\/a> <a href=\"http:\/\/www.bodrumsseiten.de\/bodrum-fotos\/gumusluk-myndos-fotos-bodrum\/gumusluk-einkaufen\/\" rel=\"attachment wp-att-484\"><img decoding=\"async\" loading=\"lazy\" class=\"alignnone size-thumbnail wp-image-484\" alt=\"G\u00fcm\u00fcsl\u00fck Einkaufen\" src=\"http:\/\/www.bodrumsseiten.de\/wp-content\/uploads\/G\u00fcm\u00fcsl\u00fck10-150x150.jpg\" width=\"150\" height=\"150\" \/><\/a> <a href=\"http:\/\/www.bodrumsseiten.de\/bodrum-fotos\/gumusluk-myndos-fotos-bodrum\/gumusluk-zentrum\/\" rel=\"attachment wp-att-485\"><img decoding=\"async\" loading=\"lazy\" class=\"alignnone size-thumbnail wp-image-485\" alt=\"G\u00fcm\u00fcsl\u00fck Zentrum\" src=\"http:\/\/www.bodrumsseiten.de\/wp-content\/uploads\/G\u00fcm\u00fcsl\u00fck11-150x150.jpg\" width=\"150\" height=\"150\" \/><\/a> <a href=\"http:\/\/www.bodrumsseiten.de\/bodrum-fotos\/gumusluk-myndos-fotos-bodrum\/gumusluk-versunkene-stadt\/\" rel=\"attachment wp-att-486\"><img decoding=\"async\" loading=\"lazy\" class=\"alignnone size-thumbnail wp-image-486\" alt=\"G\u00fcm\u00fcsl\u00fck versunkene Stadt\" src=\"http:\/\/www.bodrumsseiten.de\/wp-content\/uploads\/G\u00fcm\u00fcsl\u00fck12-150x150.jpg\" width=\"150\" height=\"150\" \/><\/a> <a href=\"http:\/\/www.bodrumsseiten.de\/bodrum-fotos\/gumusluk-myndos-fotos-bodrum\/gumusluk-restaurants\/\" rel=\"attachment wp-att-487\"><img decoding=\"async\" loading=\"lazy\" class=\"alignnone size-thumbnail wp-image-487\" alt=\"G\u00fcm\u00fcsl\u00fck Restaurants\" src=\"http:\/\/www.bodrumsseiten.de\/wp-content\/uploads\/G\u00fcm\u00fcsl\u00fck13-150x150.jpg\" width=\"150\" height=\"150\" \/><\/a><\/p>\n","protected":false},"excerpt":{"rendered":"<p>G\u00fcm\u00fcsl\u00fck, das Antike Myndos Alle Fotos sind nur zur Ansicht gedacht, keine verwendung ohne vorherige Genehmigung!<\/p>\n","protected":false},"author":1,"featured_media":0,"parent":19,"menu_order":33,"comment_status":"closed","ping_status":"open","template":"","meta":[],"translation":{"provider":"WPGlobus","version":"3.0.1","language":"en","enabled_languages":["de","en"],"languages":{"de":{"title":true,"content":true,"excerpt":false},"en":{"title":false,"content":false,"excerpt":false}}},"jetpack_sharing_enabled":true,"_links":{"self":[{"href":"http:\/\/bodrumsseiten.de\/en\/wp-json\/wp\/v2\/pages\/470"}],"collection":[{"href":"http:\/\/bodrumsseiten.de\/en\/wp-json\/wp\/v2\/pages"}],"about":[{"href":"http:\/\/bodrumsseiten.de\/en\/wp-json\/wp\/v2\/types\/page"}],"author":[{"embeddable":true,"href":"http:\/\/bodrumsseiten.de\/en\/wp-json\/wp\/v2\/users\/1"}],"replies":[{"embeddable":true,"href":"http:\/\/bodrumsseiten.de\/en\/wp-json\/wp\/v2\/comments?post=470"}],"version-history":[{"count":10,"href":"http:\/\/bodrumsseiten.de\/en\/wp-json\/wp\/v2\/pages\/470\/revisions"}],"predecessor-version":[{"id":1716,"href":"http:\/\/bodrumsseiten.de\/en\/wp-json\/wp\/v2\/pages\/470\/revisions\/1716"}],"up":[{"embeddable":true,"href":"http:\/\/bodrumsseiten.de\/en\/wp-json\/wp\/v2\/pages\/19"}],"wp:attachment":[{"href":"http:\/\/bodrumsseiten.de\/en\/wp-json\/wp\/v2\/media?parent=470"}],"curies":[{"name":"wp","href":"https:\/\/api.w.org\/{rel}","templated":true}]}}