{"id":41,"date":"2013-03-17T10:54:22","date_gmt":"2013-03-17T08:54:22","guid":{"rendered":"http:\/\/www.bodrumsseiten.de\/?page_id=41"},"modified":"2019-10-27T11:45:27","modified_gmt":"2019-10-27T10:45:27","slug":"bodrum-turkbuku","status":"publish","type":"page","link":"http:\/\/bodrumsseiten.de\/en\/bodrum-ortschaften\/bodrum-turkbuku\/","title":{"rendered":"T\u00fcrkb\u00fck\u00fc"},"content":{"rendered":"<p>After T\u00fcrkb\u00fck\u00fc with its pretty, whitewashed houses, which lie between mandarin gardens, led until recently no land route. One could reach the place only from the sea. For this reason, the place remained largely untouched.<\/p>\n<figure id=\"attachment_236\" aria-describedby=\"caption-attachment-236\" style=\"width: 300px\" class=\"wp-caption alignleft\"><a href=\"http:\/\/bodrumsseiten.de\/wp-content\/uploads\/T\u00fcrkb\u00fck\u00fc02.jpg\"><img decoding=\"async\" loading=\"lazy\" class=\"size-medium wp-image-236\" src=\"http:\/\/bodrumsseiten.de\/wp-content\/uploads\/T\u00fcrkb\u00fck\u00fc02-300x225.jpg\" alt=\"T\u00fcrkb\u00fck\u00fc Felsengr\u00e4ber\" width=\"300\" height=\"225\" srcset=\"http:\/\/bodrumsseiten.de\/wp-content\/uploads\/T\u00fcrkb\u00fck\u00fc02-300x225.jpg 300w, http:\/\/bodrumsseiten.de\/wp-content\/uploads\/T\u00fcrkb\u00fck\u00fc02.jpg 640w\" sizes=\"(max-width: 300px) 100vw, 300px\" \/><\/a><figcaption id=\"caption-attachment-236\" class=\"wp-caption-text\">T\u00fcrkb\u00fck\u00fc rock graves<\/figcaption><\/figure>\n<p>But in recent years, like many other such places, T\u00fcrkb\u00fck\u00fc has been &#8220;discovered&#8221; and the construction of holiday homes began. In ancient times T\u00fcrkb\u00fck\u00fc was used by the Lycians as a port. Ships sailed from here to the Gulf of Gulluk.<br \/>\nAlthough very scattered, the cysts and rock tombs appear in front of the walkers. T\u00fcrkb\u00fck\u00fc has become popular. If you walk around here, you can meet celebrities from television, film and other art circles. They often come here, some have a cottage in T\u00fcrkb\u00fck\u00fc.<br \/>\nTurkbuku, 20 km from Bodrum, is a haven for those who want to spend a quiet holiday or a quiet day away from the crowds and noise in Bodrum. The coastal road is closed to traffic over the summer. The wooden landing stages that extend into the sea are used by hotels and restautants so that you can go out into the sea or sunbathe all day long. As dusk sets in, these footbridges are turned into restaurants and bars. Tables and chairs are set up on them, and candles and fire in giant barrels standing on the sandy beach are lit. Generally, familiar faces take their place at the tables and service begins. Various types of fish, fresh from the surrounding fish farms, are placed on the grill and the raki bottles are opened. Those who want to last the night, get up at midnight and take the road to Bodrum. In T\u00fcrkb\u00fck\u00fc it will be quieter, even though the night is not over yet. In the bars, where every kind of music is played, it continues until the morning. On a walk along the coast you can find peace, accompanied by the melody of the waves and the light of the full moon &#8230;<\/p>\n<h4><em>The Museum of historical figures and models<\/em><\/h4>\n<p>In T\u00fcrkb\u00fck\u00fc there is a special museum. Historical figures and models, a collection by the architect Emre Kunt, are exhibited in a part of his house. To visit the museum, make an appointment by phone (0252 377 62 23).<\/p>\n<h4><em>Excursions to the surrounding area<\/em><\/h4>\n<p>T\u00fcrkb\u00fck\u00fc is located on the south coast of the Gulf of G\u00fcll\u00fck between the headlands Mesire and Sapli in a wide harbor. Before T\u00fcrkb\u00fck\u00fc is the island of Badem, on the hill behind the village you will find ruins of the historic city of Masanda. The remains, surrounded by stony and brick piles, include two towers, ruins of a house, cisterns, tombs and a stone-lined square. Before the population exchange between Greece and Turkey, Greeks lived in this area.<\/p>\n<h4><em>Boat tours in the area<\/em><\/h4>\n<figure id=\"attachment_235\" aria-describedby=\"caption-attachment-235\" style=\"width: 150px\" class=\"wp-caption alignright\"><a href=\"http:\/\/bodrumsseiten.de\/wp-content\/uploads\/T\u00fcrkb\u00fck\u00fc01.jpg\"><img decoding=\"async\" loading=\"lazy\" class=\"size-thumbnail wp-image-235\" src=\"http:\/\/bodrumsseiten.de\/wp-content\/uploads\/T\u00fcrkb\u00fck\u00fc01-150x150.jpg\" alt=\"Werft in T\u00fcrkb\u00fck\u00fc\" width=\"150\" height=\"150\" \/><\/a><figcaption id=\"caption-attachment-235\" class=\"wp-caption-text\">Shipyard in T\u00fcrkb\u00fck\u00fc<\/figcaption><\/figure>\n<p>Throughout the summer, boat tours are organized in T\u00fcrkb\u00fck\u00fc, starting from the jetty and leading into the surrounding area. Morning between 10 &#8211; 11 clock the boats leave and return in the evening between 17 &#8211; 18 clock back. For breaks, the quiet bays in the north of the peninsula are preferred. Visited are the islands Ikiz Adalar, the bays Kizil and Hattatlar, the harbor Derin, the islands Apostol and Tavsan as well as Gundogan and Dikilitas. Lunch and afternoon tea are included in the price.<\/p>\n<h4><em>How to get to T\u00fcrkb\u00fck\u00fc<\/em><\/h4>\n<p>To get from Bodrum to T\u00fcrkb\u00fck\u00fc you drive via Torba and G\u00f6lk\u00f6y. The road, which runs through a pine forest, then leads down to T\u00fcrkb\u00fck\u00fc. In Bodrum, shared taxis depart every 45 minutes and reach T\u00fcrkb\u00fck\u00fc within half an hour.<\/p>\n<h4><em>What do you eat?<\/em><\/h4>\n<p>In the restaurants on the coast there are seafood, all sorts of fish and various meats. In winter you can taste the tasty sole in T\u00fcrkb\u00fck\u00fc. At the tables set up on the jetties over the sea, the evenings are cheerful and cheerful. Some of the restaurants along the coast also serve breakfast in the morning. If you want to eat a snack during the day, you can visit the meat pie chefs. Or in the restaurants, which have different kinds of B\u00f6rek on their menu. Also at fast food restaurants is not missing. And small pubs that are open at all times offer an alternative with their tasty dishes.<\/p>\n","protected":false},"excerpt":{"rendered":"<p>After T\u00fcrkb\u00fck\u00fc with its pretty, whitewashed houses, which lie between mandarin gardens, led until recently no land route. One could reach the place only from the sea. For this reason, the place remained largely untouched. But in recent years, like many other such places, T\u00fcrkb\u00fck\u00fc has been &#8220;discovered&#8221; and the construction of holiday homes began. &hellip; <a href=\"http:\/\/bodrumsseiten.de\/en\/bodrum-ortschaften\/bodrum-turkbuku\/\" class=\"more-link\">Continue reading <span class=\"screen-reader-text\">T\u00fcrkb\u00fck\u00fc<\/span> <span class=\"meta-nav\">&rarr;<\/span><\/a><\/p>\n","protected":false},"author":1,"featured_media":0,"parent":11,"menu_order":7,"comment_status":"closed","ping_status":"open","template":"","meta":[],"translation":{"provider":"WPGlobus","version":"3.0.1","language":"en","enabled_languages":["de","en"],"languages":{"de":{"title":true,"content":true,"excerpt":false},"en":{"title":false,"content":true,"excerpt":false}}},"jetpack_sharing_enabled":true,"_links":{"self":[{"href":"http:\/\/bodrumsseiten.de\/en\/wp-json\/wp\/v2\/pages\/41"}],"collection":[{"href":"http:\/\/bodrumsseiten.de\/en\/wp-json\/wp\/v2\/pages"}],"about":[{"href":"http:\/\/bodrumsseiten.de\/en\/wp-json\/wp\/v2\/types\/page"}],"author":[{"embeddable":true,"href":"http:\/\/bodrumsseiten.de\/en\/wp-json\/wp\/v2\/users\/1"}],"replies":[{"embeddable":true,"href":"http:\/\/bodrumsseiten.de\/en\/wp-json\/wp\/v2\/comments?post=41"}],"version-history":[{"count":10,"href":"http:\/\/bodrumsseiten.de\/en\/wp-json\/wp\/v2\/pages\/41\/revisions"}],"predecessor-version":[{"id":632,"href":"http:\/\/bodrumsseiten.de\/en\/wp-json\/wp\/v2\/pages\/41\/revisions\/632"}],"up":[{"embeddable":true,"href":"http:\/\/bodrumsseiten.de\/en\/wp-json\/wp\/v2\/pages\/11"}],"wp:attachment":[{"href":"http:\/\/bodrumsseiten.de\/en\/wp-json\/wp\/v2\/media?parent=41"}],"curies":[{"name":"wp","href":"https:\/\/api.w.org\/{rel}","templated":true}]}}