{"id":222,"date":"2013-03-18T20:12:25","date_gmt":"2013-03-18T19:12:25","guid":{"rendered":"http:\/\/www.bodrumsseiten.de\/?page_id=222"},"modified":"2014-01-08T13:16:33","modified_gmt":"2014-01-08T12:16:33","slug":"turkbuku-fotos-bodrum","status":"publish","type":"page","link":"http:\/\/bodrumsseiten.de\/en\/bodrum-fotos\/turkbuku-fotos-bodrum\/","title":{"rendered":"T\u00fcrkb\u00fck\u00fc"},"content":{"rendered":"<h3><span style=\"color: #0000ff;\"><em>Fotos von T\u00fcrkb\u00fck\u00fc bei Bodrum.<\/em><\/span><\/h3>\n<h5><em>Alle Fotos sind nur zur Ansicht gedacht, keine verwendung ohne vorherige Genehmigung!<\/em><\/h5>\n<p><a href=\"http:\/\/www.bodrumsseiten.de\/bodrum-fotos\/turkbuku-fotos-bodrum\/bodrum-turkbuku-werft\/\" rel=\"attachment wp-att-235\"><img decoding=\"async\" loading=\"lazy\" class=\"alignnone size-thumbnail wp-image-235\" alt=\"Werft in T\u00fcrkb\u00fck\u00fc\" src=\"http:\/\/www.bodrumsseiten.de\/wp-content\/uploads\/T\u00fcrkb\u00fck\u00fc01-150x150.jpg\" width=\"150\" height=\"150\" \/><\/a> <a href=\"http:\/\/www.bodrumsseiten.de\/bodrum-fotos\/turkbuku-fotos-bodrum\/bodrum-turkbuku-karische-felsengraeber\/\" rel=\"attachment wp-att-236\"><img decoding=\"async\" loading=\"lazy\" class=\"alignnone size-thumbnail wp-image-236\" alt=\"Felsengr\u00e4ber T\u00fcrkb\u00fck\u00fc\" src=\"http:\/\/www.bodrumsseiten.de\/wp-content\/uploads\/T\u00fcrkb\u00fck\u00fc02-150x150.jpg\" width=\"150\" height=\"150\" \/><\/a> <a href=\"http:\/\/www.bodrumsseiten.de\/bodrum-fotos\/turkbuku-fotos-bodrum\/bodrum-turkbuku-bucht\/\" rel=\"attachment wp-att-237\"><img decoding=\"async\" loading=\"lazy\" class=\"alignnone size-thumbnail wp-image-237\" alt=\"T\u00fcrkb\u00fck\u00fc Bucht\" src=\"http:\/\/www.bodrumsseiten.de\/wp-content\/uploads\/T\u00fcrkb\u00fck\u00fc03-150x150.jpg\" width=\"150\" height=\"150\" \/><\/a> <a href=\"http:\/\/www.bodrumsseiten.de\/bodrum-fotos\/turkbuku-fotos-bodrum\/bodrum-turkbuku-bucht-ansicht\/\" rel=\"attachment wp-att-238\"><img decoding=\"async\" loading=\"lazy\" class=\"alignnone size-thumbnail wp-image-238\" alt=\"T\u00fcrkb\u00fck\u00fc Bucht Ansicht\" src=\"http:\/\/www.bodrumsseiten.de\/wp-content\/uploads\/T\u00fcrkb\u00fck\u00fc04-150x150.jpg\" width=\"150\" height=\"150\" \/><\/a> <a href=\"http:\/\/www.bodrumsseiten.de\/bodrum-fotos\/turkbuku-fotos-bodrum\/bodrum-turkbuku-bucht-westseite\/\" rel=\"attachment wp-att-239\"><img decoding=\"async\" loading=\"lazy\" class=\"alignnone size-thumbnail wp-image-239\" alt=\"Westliche T\u00fcrkb\u00fck\u00fc Bucht\" src=\"http:\/\/www.bodrumsseiten.de\/wp-content\/uploads\/T\u00fcrkb\u00fck\u00fc05-150x150.jpg\" width=\"150\" height=\"150\" \/><\/a><\/p>\n","protected":false},"excerpt":{"rendered":"<p>Fotos von T\u00fcrkb\u00fck\u00fc bei Bodrum. Alle Fotos sind nur zur Ansicht gedacht, keine verwendung ohne vorherige Genehmigung!<\/p>\n","protected":false},"author":1,"featured_media":0,"parent":19,"menu_order":38,"comment_status":"closed","ping_status":"open","template":"","meta":[],"translation":{"provider":"WPGlobus","version":"3.0.1","language":"en","enabled_languages":["de","en"],"languages":{"de":{"title":true,"content":true,"excerpt":false},"en":{"title":false,"content":false,"excerpt":false}}},"jetpack_sharing_enabled":true,"_links":{"self":[{"href":"http:\/\/bodrumsseiten.de\/en\/wp-json\/wp\/v2\/pages\/222"}],"collection":[{"href":"http:\/\/bodrumsseiten.de\/en\/wp-json\/wp\/v2\/pages"}],"about":[{"href":"http:\/\/bodrumsseiten.de\/en\/wp-json\/wp\/v2\/types\/page"}],"author":[{"embeddable":true,"href":"http:\/\/bodrumsseiten.de\/en\/wp-json\/wp\/v2\/users\/1"}],"replies":[{"embeddable":true,"href":"http:\/\/bodrumsseiten.de\/en\/wp-json\/wp\/v2\/comments?post=222"}],"version-history":[{"count":19,"href":"http:\/\/bodrumsseiten.de\/en\/wp-json\/wp\/v2\/pages\/222\/revisions"}],"predecessor-version":[{"id":1719,"href":"http:\/\/bodrumsseiten.de\/en\/wp-json\/wp\/v2\/pages\/222\/revisions\/1719"}],"up":[{"embeddable":true,"href":"http:\/\/bodrumsseiten.de\/en\/wp-json\/wp\/v2\/pages\/19"}],"wp:attachment":[{"href":"http:\/\/bodrumsseiten.de\/en\/wp-json\/wp\/v2\/media?parent=222"}],"curies":[{"name":"wp","href":"https:\/\/api.w.org\/{rel}","templated":true}]}}