{"id":19,"date":"2013-03-17T10:42:01","date_gmt":"2013-03-17T08:42:01","guid":{"rendered":"http:\/\/www.bodrumsseiten.de\/?page_id=19"},"modified":"2019-10-27T16:50:12","modified_gmt":"2019-10-27T15:50:12","slug":"bodrum-fotos","status":"publish","type":"page","link":"http:\/\/bodrumsseiten.de\/en\/bodrum-fotos\/","title":{"rendered":"Photos"},"content":{"rendered":"<h2><span style=\"color: #ff0000;\">Our apartment can be found here:<\/span> <span style=\"color: #0000ff;\"><a style=\"color: #0000ff;\" href=\"http:\/\/bodrumsseiten.de\/ferienwohnung-bodrum-guevercinlik\/\">Apartment<\/a><\/span><\/h2>\n<h3 style=\"text-align: center;\"><em><span class=\"tlid-translation translation\" lang=\"en\"><span class=\"\" title=\"\">Photos about Bodrum<\/span><\/span><\/em><\/h3>\n<p style=\"text-align: center;\"><span class=\"tlid-translation translation\" lang=\"en\" tabindex=\"-1\"><span class=\"\" title=\"\">Here you can see all the photo galleries as an overview, just click on the photos.<\/span><\/span><span style=\"color: #0000ff;\"><br \/>\n<\/span><\/p>\n<h5 style=\"text-align: center;\"><em><span class=\"tlid-translation translation\" lang=\"en\" tabindex=\"-1\"><span class=\"\" title=\"\">All photos are for viewing only, no use without prior approval!<\/span><\/span><\/em><\/h5>\n<table class=\" aligncenter\">\n<tbody>\n<tr>\n<td>\n<p><figure id=\"attachment_313\" aria-describedby=\"caption-attachment-313\" style=\"width: 150px\" class=\"wp-caption alignnone\"><a href=\"http:\/\/bodrumsseiten.de\/bodrum-fotos\/bodrum-fotos\/\"><img decoding=\"async\" loading=\"lazy\" class=\"size-thumbnail wp-image-313 \" src=\"http:\/\/bodrumsseiten.de\/wp-content\/uploads\/Bodrum15-150x150.jpg\" alt=\"Bodrum Stadtansicht\" width=\"150\" height=\"150\" \/><\/a><figcaption id=\"caption-attachment-313\" class=\"wp-caption-text\">Bodrum city photo gallery<\/figcaption><\/figure><\/td>\n<td>\n<p><figure id=\"attachment_1496\" aria-describedby=\"caption-attachment-1496\" style=\"width: 150px\" class=\"wp-caption alignnone\"><a href=\"http:\/\/bodrumsseiten.de\/bodrum-fotos\/antike-staedte-bei-bodrum\/apollon-tempel-im-antiken-didyma-bodrum\/\"><img decoding=\"async\" loading=\"lazy\" class=\"size-thumbnail wp-image-1496 \" src=\"http:\/\/bodrumsseiten.de\/wp-content\/uploads\/Apollon-Tempel-024-Didyma-150x150.jpg\" alt=\"Apollon Tempel\" width=\"150\" height=\"150\" \/><\/a><figcaption id=\"caption-attachment-1496\" class=\"wp-caption-text\">Apollon Tempelephoto gallery<\/figcaption><\/figure><\/td>\n<td>\n<p><figure id=\"attachment_394\" aria-describedby=\"caption-attachment-394\" style=\"width: 150px\" class=\"wp-caption alignnone\"><a href=\"http:\/\/bodrumsseiten.de\/bodrum-fotos\/bodrum-museum-fotos\/\"><img decoding=\"async\" loading=\"lazy\" class=\"size-thumbnail wp-image-394\" src=\"http:\/\/bodrumsseiten.de\/wp-content\/uploads\/BMuseum13-150x150.jpg\" alt=\"Bodrum Museum Fotogalerie\" width=\"150\" height=\"150\" \/><\/a><figcaption id=\"caption-attachment-394\" class=\"wp-caption-text\">Bodrum Museum Photo Gallery<\/figcaption><\/figure><\/td>\n<\/tr>\n<tr>\n<td>\n<p><figure id=\"attachment_463\" aria-describedby=\"caption-attachment-463\" style=\"width: 150px\" class=\"wp-caption alignnone\"><a href=\"http:\/\/bodrumsseiten.de\/bodrum-fotos\/golkoy-fotos-bodrum\/\"><img decoding=\"async\" loading=\"lazy\" class=\"size-thumbnail wp-image-463\" src=\"http:\/\/bodrumsseiten.de\/wp-content\/uploads\/G\u00f6lk\u00f6y05-150x150.jpg\" alt=\"G\u00f6lk\u00f6y Fotogalerie\" width=\"150\" height=\"150\" \/><\/a><figcaption id=\"caption-attachment-463\" class=\"wp-caption-text\">G\u00f6lk\u00f6y Photo Gallery<\/figcaption><\/figure><\/td>\n<td>\n<p><figure id=\"attachment_480\" aria-describedby=\"caption-attachment-480\" style=\"width: 150px\" class=\"wp-caption alignnone\"><a href=\"http:\/\/bodrumsseiten.de\/bodrum-fotos\/gumusluk-myndos-fotos-bodrum\/\"><img decoding=\"async\" loading=\"lazy\" class=\"size-thumbnail wp-image-480\" src=\"http:\/\/bodrumsseiten.de\/wp-content\/uploads\/G\u00fcm\u00fcsl\u00fck06-150x150.jpg\" alt=\"G\u00fcm\u00fcsl\u00fck Fotogalerie\" width=\"150\" height=\"150\" \/><\/a><figcaption id=\"caption-attachment-480\" class=\"wp-caption-text\">G\u00fcm\u00fcsl\u00fck Photo Gallery<\/figcaption><\/figure><\/td>\n<td>\n<p><figure id=\"attachment_1677\" aria-describedby=\"caption-attachment-1677\" style=\"width: 150px\" class=\"wp-caption alignnone\"><a href=\"http:\/\/bodrumsseiten.de\/bodrum-fotos\/guvercinlik-fotos-bodrum\/\"><img decoding=\"async\" loading=\"lazy\" class=\"size-thumbnail wp-image-1677\" src=\"http:\/\/bodrumsseiten.de\/wp-content\/uploads\/Guevercinlik-82013018-150x150.jpg\" alt=\"Guevercinlik Fotogalerie\" width=\"150\" height=\"150\" \/><\/a><figcaption id=\"caption-attachment-1677\" class=\"wp-caption-text\">Guevercinlik Photo Gallery<\/figcaption><\/figure><\/td>\n<\/tr>\n<tr>\n<td>\n<p><figure id=\"attachment_496\" aria-describedby=\"caption-attachment-496\" style=\"width: 150px\" class=\"wp-caption alignnone\"><a href=\"http:\/\/bodrumsseiten.de\/bodrum-fotos\/gundogan-fotos-bodrum\/\"><img decoding=\"async\" loading=\"lazy\" class=\"size-thumbnail wp-image-496\" src=\"http:\/\/bodrumsseiten.de\/wp-content\/uploads\/G\u00fcndogan04-150x150.jpg\" alt=\"G\u00fcndogan Fotogalerie\" width=\"150\" height=\"150\" \/><\/a><figcaption id=\"caption-attachment-496\" class=\"wp-caption-text\">G\u00fcndogan Photo Gallery<\/figcaption><\/figure><\/td>\n<td>\n<p><figure id=\"attachment_245\" aria-describedby=\"caption-attachment-245\" style=\"width: 150px\" class=\"wp-caption alignnone\"><a href=\"http:\/\/bodrumsseiten.de\/bodrum-fotos\/torba-fotos-bodrum\/\"><img decoding=\"async\" loading=\"lazy\" class=\"size-thumbnail wp-image-245\" src=\"http:\/\/bodrumsseiten.de\/wp-content\/uploads\/Torba01-150x150.jpg\" alt=\"Torba Fotogalerie\" width=\"150\" height=\"150\" \/><\/a><figcaption id=\"caption-attachment-245\" class=\"wp-caption-text\">Torba Photo Gallery<\/figcaption><\/figure><\/td>\n<td>\n<p><figure id=\"attachment_236\" aria-describedby=\"caption-attachment-236\" style=\"width: 150px\" class=\"wp-caption alignnone\"><a href=\"http:\/\/bodrumsseiten.de\/bodrum-fotos\/turkbuku-fotos-bodrum\/\"><img decoding=\"async\" loading=\"lazy\" class=\"size-thumbnail wp-image-236\" src=\"http:\/\/bodrumsseiten.de\/wp-content\/uploads\/T\u00fcrkb\u00fck\u00fc02-150x150.jpg\" alt=\"T\u00fcrkb\u00fck\u00fc Fotogalerie\" width=\"150\" height=\"150\" \/><\/a><figcaption id=\"caption-attachment-236\" class=\"wp-caption-text\">T\u00fcrkb\u00fck\u00fc Photo Gallery<\/figcaption><\/figure><\/td>\n<\/tr>\n<\/tbody>\n<\/table>\n","protected":false},"excerpt":{"rendered":"<p>Our apartment can be found here: Apartment Photos about Bodrum Here you can see all the photo galleries as an overview, just click on the photos. All photos are for viewing only, no use without prior approval!<\/p>\n","protected":false},"author":1,"featured_media":0,"parent":0,"menu_order":6,"comment_status":"closed","ping_status":"open","template":"","meta":[],"translation":{"provider":"WPGlobus","version":"3.0.1","language":"en","enabled_languages":["de","en"],"languages":{"de":{"title":true,"content":true,"excerpt":false},"en":{"title":true,"content":true,"excerpt":false}}},"jetpack_sharing_enabled":true,"_links":{"self":[{"href":"http:\/\/bodrumsseiten.de\/en\/wp-json\/wp\/v2\/pages\/19"}],"collection":[{"href":"http:\/\/bodrumsseiten.de\/en\/wp-json\/wp\/v2\/pages"}],"about":[{"href":"http:\/\/bodrumsseiten.de\/en\/wp-json\/wp\/v2\/types\/page"}],"author":[{"embeddable":true,"href":"http:\/\/bodrumsseiten.de\/en\/wp-json\/wp\/v2\/users\/1"}],"replies":[{"embeddable":true,"href":"http:\/\/bodrumsseiten.de\/en\/wp-json\/wp\/v2\/comments?post=19"}],"version-history":[{"count":26,"href":"http:\/\/bodrumsseiten.de\/en\/wp-json\/wp\/v2\/pages\/19\/revisions"}],"predecessor-version":[{"id":1658,"href":"http:\/\/bodrumsseiten.de\/en\/wp-json\/wp\/v2\/pages\/19\/revisions\/1658"}],"wp:attachment":[{"href":"http:\/\/bodrumsseiten.de\/en\/wp-json\/wp\/v2\/media?parent=19"}],"curies":[{"name":"wp","href":"https:\/\/api.w.org\/{rel}","templated":true}]}}