{"id":1745,"date":"2014-01-09T08:59:32","date_gmt":"2014-01-09T07:59:32","guid":{"rendered":"http:\/\/bodrumsseiten.de\/?page_id=1745"},"modified":"2014-01-09T08:59:32","modified_gmt":"2014-01-09T07:59:32","slug":"katzen","status":"publish","type":"page","link":"http:\/\/bodrumsseiten.de\/en\/bodrum-fotos\/katzen\/","title":{"rendered":"Katzen"},"content":{"rendered":"<p>Katzen sind wunderbar. Sie finden immer die gem\u00fctlichsten Pl\u00e4tze. Meine Katzen in G\u00fcvercinlik.<\/p>\n<p><a href=\"http:\/\/bodrumsseiten.de\/bodrum-fotos\/katzen\/katzen-17\/\" rel=\"attachment wp-att-1763\"><img decoding=\"async\" loading=\"lazy\" class=\"size-thumbnail wp-image-1763 alignnone\" alt=\"Katzen\" src=\"http:\/\/bodrumsseiten.de\/wp-content\/uploads\/Katzen-82013020-150x150.jpg\" width=\"150\" height=\"150\" \/><\/a> <a href=\"http:\/\/bodrumsseiten.de\/bodrum-fotos\/katzen\/katzen-16\/\" rel=\"attachment wp-att-1762\"><img decoding=\"async\" loading=\"lazy\" class=\"alignnone size-thumbnail wp-image-1762\" alt=\"Katzen\" src=\"http:\/\/bodrumsseiten.de\/wp-content\/uploads\/Katzen-82013019-150x150.jpg\" width=\"150\" height=\"150\" \/><\/a> <a href=\"http:\/\/bodrumsseiten.de\/bodrum-fotos\/katzen\/katzen-15\/\" rel=\"attachment wp-att-1761\"><img decoding=\"async\" loading=\"lazy\" class=\"alignnone size-thumbnail wp-image-1761\" alt=\"Katzen\" src=\"http:\/\/bodrumsseiten.de\/wp-content\/uploads\/Katzen-82013018-150x150.jpg\" width=\"150\" height=\"150\" \/><\/a> <a href=\"http:\/\/bodrumsseiten.de\/bodrum-fotos\/katzen\/katzen-14\/\" rel=\"attachment wp-att-1760\"><img decoding=\"async\" loading=\"lazy\" class=\"alignnone size-thumbnail wp-image-1760\" alt=\"Katzen\" src=\"http:\/\/bodrumsseiten.de\/wp-content\/uploads\/Katzen-82013017-150x150.jpg\" width=\"150\" height=\"150\" \/><\/a> <a href=\"http:\/\/bodrumsseiten.de\/bodrum-fotos\/katzen\/katzen-13\/\" rel=\"attachment wp-att-1759\"><img decoding=\"async\" loading=\"lazy\" class=\"alignnone size-thumbnail wp-image-1759\" alt=\"Katzen\" src=\"http:\/\/bodrumsseiten.de\/wp-content\/uploads\/Katzen-82013016-150x150.jpg\" width=\"150\" height=\"150\" \/><\/a> <a href=\"http:\/\/bodrumsseiten.de\/bodrum-fotos\/katzen\/katzen-12\/\" rel=\"attachment wp-att-1758\"><img decoding=\"async\" loading=\"lazy\" class=\"alignnone size-thumbnail wp-image-1758\" alt=\"Katzen\" src=\"http:\/\/bodrumsseiten.de\/wp-content\/uploads\/Katzen-82013015-150x150.jpg\" width=\"150\" height=\"150\" \/><\/a> <a href=\"http:\/\/bodrumsseiten.de\/bodrum-fotos\/katzen\/katzen-11\/\" rel=\"attachment wp-att-1757\"><img decoding=\"async\" loading=\"lazy\" class=\"alignnone size-thumbnail wp-image-1757\" alt=\"Katzen\" src=\"http:\/\/bodrumsseiten.de\/wp-content\/uploads\/Katzen-82013014-150x150.jpg\" width=\"150\" height=\"150\" \/><\/a> <a href=\"http:\/\/bodrumsseiten.de\/bodrum-fotos\/katzen\/katzen-09\/\" rel=\"attachment wp-att-1755\"><img decoding=\"async\" loading=\"lazy\" class=\"alignnone size-thumbnail wp-image-1755\" alt=\"Katzen\" src=\"http:\/\/bodrumsseiten.de\/wp-content\/uploads\/Katzen-82013012-150x150.jpg\" width=\"150\" height=\"150\" \/><\/a> <a href=\"http:\/\/bodrumsseiten.de\/bodrum-fotos\/katzen\/katzen-08\/\" rel=\"attachment wp-att-1754\"><img decoding=\"async\" loading=\"lazy\" class=\"alignnone size-thumbnail wp-image-1754\" alt=\"Katzen\" src=\"http:\/\/bodrumsseiten.de\/wp-content\/uploads\/Katzen-82013011-150x150.jpg\" width=\"150\" height=\"150\" \/><\/a> <a href=\"http:\/\/bodrumsseiten.de\/bodrum-fotos\/katzen\/katzen-07\/\" rel=\"attachment wp-att-1753\"><img decoding=\"async\" loading=\"lazy\" class=\"alignnone size-thumbnail wp-image-1753\" alt=\"Katzen\" src=\"http:\/\/bodrumsseiten.de\/wp-content\/uploads\/Katzen-82013010-150x150.jpg\" width=\"150\" height=\"150\" \/><\/a> <a href=\"http:\/\/bodrumsseiten.de\/bodrum-fotos\/katzen\/katzen-06\/\" rel=\"attachment wp-att-1752\"><img decoding=\"async\" loading=\"lazy\" class=\"alignnone size-thumbnail wp-image-1752\" alt=\"Katzen\" src=\"http:\/\/bodrumsseiten.de\/wp-content\/uploads\/Katzen-82013009-150x150.jpg\" width=\"150\" height=\"150\" \/><\/a> <a href=\"http:\/\/bodrumsseiten.de\/bodrum-fotos\/katzen\/katzen-05\/\" rel=\"attachment wp-att-1751\"><img decoding=\"async\" loading=\"lazy\" class=\"alignnone size-thumbnail wp-image-1751\" alt=\"Katzen\" src=\"http:\/\/bodrumsseiten.de\/wp-content\/uploads\/Katzen-82013008-150x150.jpg\" width=\"150\" height=\"150\" \/><\/a> <a href=\"http:\/\/bodrumsseiten.de\/bodrum-fotos\/katzen\/katzen-04\/\" rel=\"attachment wp-att-1750\"><img decoding=\"async\" loading=\"lazy\" class=\"alignnone size-thumbnail wp-image-1750\" alt=\"Katzen\" src=\"http:\/\/bodrumsseiten.de\/wp-content\/uploads\/Katzen-82013005-150x150.jpg\" width=\"150\" height=\"150\" \/><\/a> <a href=\"http:\/\/bodrumsseiten.de\/bodrum-fotos\/katzen\/katzen-03\/\" rel=\"attachment wp-att-1749\"><img decoding=\"async\" loading=\"lazy\" class=\"alignnone size-thumbnail wp-image-1749\" alt=\"Katzen\" src=\"http:\/\/bodrumsseiten.de\/wp-content\/uploads\/Katzen-82013004-150x150.jpg\" width=\"150\" height=\"150\" \/><\/a> <a href=\"http:\/\/bodrumsseiten.de\/bodrum-fotos\/katzen\/katzen-02\/\" rel=\"attachment wp-att-1748\"><img decoding=\"async\" loading=\"lazy\" class=\"alignnone size-thumbnail wp-image-1748\" alt=\"Katzen\" src=\"http:\/\/bodrumsseiten.de\/wp-content\/uploads\/Katzen-82013003-150x150.jpg\" width=\"150\" height=\"150\" \/><\/a> <a href=\"http:\/\/bodrumsseiten.de\/bodrum-fotos\/katzen\/katzen-01\/\" rel=\"attachment wp-att-1747\"><img decoding=\"async\" loading=\"lazy\" class=\"alignnone size-thumbnail wp-image-1747\" alt=\"Katzen\" src=\"http:\/\/bodrumsseiten.de\/wp-content\/uploads\/Katzen-82013002-150x150.jpg\" width=\"150\" height=\"150\" \/><\/a><\/p>\n","protected":false},"excerpt":{"rendered":"<p>Katzen sind wunderbar. Sie finden immer die gem\u00fctlichsten Pl\u00e4tze. Meine Katzen in G\u00fcvercinlik.<\/p>\n","protected":false},"author":1,"featured_media":0,"parent":19,"menu_order":99,"comment_status":"closed","ping_status":"open","template":"","meta":[],"translation":{"provider":"WPGlobus","version":"3.0.1","language":"en","enabled_languages":["de","en"],"languages":{"de":{"title":true,"content":true,"excerpt":false},"en":{"title":false,"content":false,"excerpt":false}}},"jetpack_sharing_enabled":true,"_links":{"self":[{"href":"http:\/\/bodrumsseiten.de\/en\/wp-json\/wp\/v2\/pages\/1745"}],"collection":[{"href":"http:\/\/bodrumsseiten.de\/en\/wp-json\/wp\/v2\/pages"}],"about":[{"href":"http:\/\/bodrumsseiten.de\/en\/wp-json\/wp\/v2\/types\/page"}],"author":[{"embeddable":true,"href":"http:\/\/bodrumsseiten.de\/en\/wp-json\/wp\/v2\/users\/1"}],"replies":[{"embeddable":true,"href":"http:\/\/bodrumsseiten.de\/en\/wp-json\/wp\/v2\/comments?post=1745"}],"version-history":[{"count":4,"href":"http:\/\/bodrumsseiten.de\/en\/wp-json\/wp\/v2\/pages\/1745\/revisions"}],"predecessor-version":[{"id":3209,"href":"http:\/\/bodrumsseiten.de\/en\/wp-json\/wp\/v2\/pages\/1745\/revisions\/3209"}],"up":[{"embeddable":true,"href":"http:\/\/bodrumsseiten.de\/en\/wp-json\/wp\/v2\/pages\/19"}],"wp:attachment":[{"href":"http:\/\/bodrumsseiten.de\/en\/wp-json\/wp\/v2\/media?parent=1745"}],"curies":[{"name":"wp","href":"https:\/\/api.w.org\/{rel}","templated":true}]}}