{"id":1497,"date":"2014-01-01T18:22:15","date_gmt":"2014-01-01T17:22:15","guid":{"rendered":"http:\/\/bodrumsseiten.de\/?page_id=1497"},"modified":"2014-01-01T18:28:31","modified_gmt":"2014-01-01T17:28:31","slug":"antike-staedte-bei-bodrum","status":"publish","type":"page","link":"http:\/\/bodrumsseiten.de\/en\/bodrum-fotos\/antike-staedte-bei-bodrum\/","title":{"rendered":"Antike St\u00e4dte"},"content":{"rendered":"<p>Auf dieser Seite werde ich euch die Bilder der Antiken St\u00e4dte, die mit einem Tagesausflug erreichbar sind, ver\u00f6ffentlichen.<\/p>\n","protected":false},"excerpt":{"rendered":"<p>Auf dieser Seite werde ich euch die Bilder der Antiken St\u00e4dte, die mit einem Tagesausflug erreichbar sind, ver\u00f6ffentlichen.<\/p>\n","protected":false},"author":1,"featured_media":0,"parent":19,"menu_order":1,"comment_status":"closed","ping_status":"open","template":"","meta":[],"translation":{"provider":"WPGlobus","version":"3.0.1","language":"en","enabled_languages":["de","en"],"languages":{"de":{"title":true,"content":true,"excerpt":false},"en":{"title":false,"content":false,"excerpt":false}}},"jetpack_sharing_enabled":true,"_links":{"self":[{"href":"http:\/\/bodrumsseiten.de\/en\/wp-json\/wp\/v2\/pages\/1497"}],"collection":[{"href":"http:\/\/bodrumsseiten.de\/en\/wp-json\/wp\/v2\/pages"}],"about":[{"href":"http:\/\/bodrumsseiten.de\/en\/wp-json\/wp\/v2\/types\/page"}],"author":[{"embeddable":true,"href":"http:\/\/bodrumsseiten.de\/en\/wp-json\/wp\/v2\/users\/1"}],"replies":[{"embeddable":true,"href":"http:\/\/bodrumsseiten.de\/en\/wp-json\/wp\/v2\/comments?post=1497"}],"version-history":[{"count":1,"href":"http:\/\/bodrumsseiten.de\/en\/wp-json\/wp\/v2\/pages\/1497\/revisions"}],"predecessor-version":[{"id":1498,"href":"http:\/\/bodrumsseiten.de\/en\/wp-json\/wp\/v2\/pages\/1497\/revisions\/1498"}],"up":[{"embeddable":true,"href":"http:\/\/bodrumsseiten.de\/en\/wp-json\/wp\/v2\/pages\/19"}],"wp:attachment":[{"href":"http:\/\/bodrumsseiten.de\/en\/wp-json\/wp\/v2\/media?parent=1497"}],"curies":[{"name":"wp","href":"https:\/\/api.w.org\/{rel}","templated":true}]}}