{"id":13,"date":"2013-03-17T10:39:46","date_gmt":"2013-03-17T08:39:46","guid":{"rendered":"http:\/\/www.bodrumsseiten.de\/?page_id=13"},"modified":"2019-10-27T16:01:10","modified_gmt":"2019-10-27T15:01:10","slug":"bodrum-umgebung","status":"publish","type":"page","link":"http:\/\/bodrumsseiten.de\/en\/bodrum-umgebung\/","title":{"rendered":"Surroundings"},"content":{"rendered":"<h2><span style=\"color: #ff0000;\">Our apartment can be found here:<\/span> <span style=\"color: #0000ff;\"><a style=\"color: #0000ff;\" href=\"http:\/\/bodrumsseiten.de\/ferienwohnung-bodrum-guevercinlik\/\">Apartment<\/a><\/span><\/h2>\n<p>The surroundings of Bodrum are very interesting.<\/p>\n<p>If you drive e.g. in the north you first arrive at the small village\u00a0<a title=\"G\u00fcvercinlik\" href=\"http:\/\/www.bodrumsseiten.de\/bodrum-umgebung\/bodrum-guvercinlik\/\">G\u00fcvercinlik<\/a> past. After crossing the G\u00fcll\u00fcktal, with its nature reserve, you can already see the airport of Bodrum and then you reach <a title=\"Milas\" href=\"http:\/\/www.bodrumsseiten.de\/bodrum-umgebung\/bodrum-milas\/\">Milas<\/a> the ancient Mylasa.<\/p>\n<p>This is also the route to Izmir and Dalaman to the airport, both about 3.5 hours drive away.<\/p>\n<p>On the way to Dalaman you also pass G\u00f6kova Golf. There is also the avenue with the large eucalyptus trees leading to Marmaris.<\/p>\n<p><a href=\"http:\/\/www.glastechnik-berlin.de\"><img decoding=\"async\" loading=\"lazy\" class=\"aligncenter\" src=\"http:\/\/www.bodrumsseiten.de\/wp-content\/uploads\/WebLogo.jpg\" alt=\"Glastechnik-Berlin\" width=\"70\" height=\"105\" \/><\/a><\/p>\n","protected":false},"excerpt":{"rendered":"<p>Our apartment can be found here: Apartment The surroundings of Bodrum are very interesting. If you drive e.g. in the north you first arrive at the small village\u00a0G\u00fcvercinlik past. After crossing the G\u00fcll\u00fcktal, with its nature reserve, you can already see the airport of Bodrum and then you reach Milas the ancient Mylasa. This is &hellip; <a href=\"http:\/\/bodrumsseiten.de\/en\/bodrum-umgebung\/\" class=\"more-link\">Continue reading <span class=\"screen-reader-text\">Surroundings<\/span> <span class=\"meta-nav\">&rarr;<\/span><\/a><\/p>\n","protected":false},"author":1,"featured_media":0,"parent":0,"menu_order":3,"comment_status":"closed","ping_status":"open","template":"","meta":[],"translation":{"provider":"WPGlobus","version":"3.0.1","language":"en","enabled_languages":["de","en"],"languages":{"de":{"title":true,"content":true,"excerpt":false},"en":{"title":true,"content":true,"excerpt":false}}},"jetpack_sharing_enabled":true,"_links":{"self":[{"href":"http:\/\/bodrumsseiten.de\/en\/wp-json\/wp\/v2\/pages\/13"}],"collection":[{"href":"http:\/\/bodrumsseiten.de\/en\/wp-json\/wp\/v2\/pages"}],"about":[{"href":"http:\/\/bodrumsseiten.de\/en\/wp-json\/wp\/v2\/types\/page"}],"author":[{"embeddable":true,"href":"http:\/\/bodrumsseiten.de\/en\/wp-json\/wp\/v2\/users\/1"}],"replies":[{"embeddable":true,"href":"http:\/\/bodrumsseiten.de\/en\/wp-json\/wp\/v2\/comments?post=13"}],"version-history":[{"count":16,"href":"http:\/\/bodrumsseiten.de\/en\/wp-json\/wp\/v2\/pages\/13\/revisions"}],"predecessor-version":[{"id":3107,"href":"http:\/\/bodrumsseiten.de\/en\/wp-json\/wp\/v2\/pages\/13\/revisions\/3107"}],"wp:attachment":[{"href":"http:\/\/bodrumsseiten.de\/en\/wp-json\/wp\/v2\/media?parent=13"}],"curies":[{"name":"wp","href":"https:\/\/api.w.org\/{rel}","templated":true}]}}