{"id":109,"date":"2013-03-17T18:52:55","date_gmt":"2013-03-17T17:52:55","guid":{"rendered":"http:\/\/www.bodrumsseiten.de\/?page_id=109"},"modified":"2019-10-26T16:05:22","modified_gmt":"2019-10-26T15:05:22","slug":"bodrum-bodrum","status":"publish","type":"page","link":"http:\/\/bodrumsseiten.de\/en\/","title":{"rendered":"Bodrum"},"content":{"rendered":"<h2><span style=\"color: #ff0000;\">Our apartment can be found here:<\/span> <span style=\"color: #0000ff;\"><a style=\"color: #0000ff;\" href=\"http:\/\/bodrumsseiten.de\/ferienwohnung-bodrum-guevercinlik\/\">Apartment<\/a><\/span><\/h2>\n<h5><em>Travel reports and information about Bodrum and surroundings<\/em><\/h5>\n<p><a href=\"http:\/\/bodrumsseiten.de\/wp-content\/uploads\/Bodrum14.jpg\"><img decoding=\"async\" loading=\"lazy\" class=\"alignleft size-medium wp-image-312\" src=\"http:\/\/bodrumsseiten.de\/wp-content\/uploads\/Bodrum14-300x225.jpg\" alt=\"Bodrum Johaniterburg\" width=\"300\" height=\"225\" srcset=\"http:\/\/bodrumsseiten.de\/wp-content\/uploads\/Bodrum14-300x225.jpg 300w, http:\/\/bodrumsseiten.de\/wp-content\/uploads\/Bodrum14.jpg 640w\" sizes=\"(max-width: 300px) 100vw, 300px\" \/><\/a>Bodrum ist ein malerischer Ort im s\u00fcdwestlichen Zipfel der t\u00fcrkischen \u00c4g\u00e4is. Die Bucht wird beherrscht von dem Wahrzeichen Bodrums, dem auf einer kleinen Halbinsel im Hafen der Stadt gelegenen wuchtigen Kastell St. Peter. Erbaut von den Johannitern im 15. Jh. beherbergt es heute eines der interessantesten Museen der T\u00fcrkei. Das Unterwassermuseum. An Kultureller Vielfalt bietet Bodrum und seine Umgebung so einiges. Sei es Pamukkale oder Hierapolis, Myndos, Aspat, Euromos, Heralleia, Milet, Iasos oder auf den Bergen bei Milas\/Mylasa die Antike Stadt Labranda.<\/p>\n<p><a href=\"http:\/\/www.bodrumsseiten.de\/bodrum-fotos\/bodrum-fotos\/bodrum-gulet-foto\/\" rel=\"attachment wp-att-324\"><img decoding=\"async\" loading=\"lazy\" class=\"alignright size-medium wp-image-324\" src=\"http:\/\/www.bodrumsseiten.de\/wp-content\/uploads\/Bodrum-006-300x225.jpg\" alt=\"Bodrum Gulet\" width=\"300\" height=\"225\" srcset=\"http:\/\/bodrumsseiten.de\/wp-content\/uploads\/Bodrum-006-300x225.jpg 300w, http:\/\/bodrumsseiten.de\/wp-content\/uploads\/Bodrum-006.jpg 640w\" sizes=\"(max-width: 300px) 100vw, 300px\" \/><\/a>The city center of today&#8217;s Bodrum is the picturesque quarter around the harbor, where bazaar-like shops, bars and restaurants crowd in the shadow of the castle. The main artery forms the Cumhurriyet Caddesi, which runs approximately parallel to the beach. Here are numerous souvenir shops, but also leather and jewelry stores. Sailors have always been attracted to Bodrum by magic. Hundreds of boats are moored in the harbor and in the marina, set against the backdrop of the city. Here in Bodrum are still built by hand in countless small shipyards, the Tersanes, the typical for this area wooden boats, the gulets.<\/p>\n<p><a href=\"http:\/\/www.bodrumsseiten.de\/bodrum-fotos\/bodrum-fotos\/bodrum-kameltripp-foto\/\" rel=\"attachment wp-att-332\"><img decoding=\"async\" loading=\"lazy\" class=\"alignleft size-medium wp-image-332\" src=\"http:\/\/www.bodrumsseiten.de\/wp-content\/uploads\/Bodrum-010-300x225.jpg\" alt=\"Bodrum Kamel 3\" width=\"300\" height=\"225\" srcset=\"http:\/\/bodrumsseiten.de\/wp-content\/uploads\/Bodrum-010-300x225.jpg 300w, http:\/\/bodrumsseiten.de\/wp-content\/uploads\/Bodrum-010.jpg 640w\" sizes=\"(max-width: 300px) 100vw, 300px\" \/><\/a>On the following pages you will get information and travel reports about Bodrum and its history, but also about the peninsula and its villages. From the way of life and the customs to the private accommodation. You will find a lot about Bodrum and on my blog page I write too much that goes with it. On the video page you can see my videos that I have taken in and around Bodrum.<\/p>\n<h2><span style=\"color: #ff0000;\">Our apartment can be found here:<\/span> <span style=\"color: #0000ff;\"><a style=\"color: #0000ff;\" href=\"http:\/\/bodrumsseiten.de\/ferienwohnung-bodrum-guevercinlik\/\">Apartment<\/a><\/span><\/h2>\n<p><a href=\"http:\/\/www.glastechnik-berlin.de\"><img decoding=\"async\" loading=\"lazy\" class=\"size-full wp-image-296 aligncenter\" src=\"http:\/\/www.bodrumsseiten.de\/wp-content\/uploads\/WebLogo.jpg\" alt=\"Glastechnik-Berlin\" width=\"70\" height=\"105\" \/><\/a><\/p>\n<p><a href=\"https:\/\/alybella.de\"><img decoding=\"async\" class=\"size-full wp-image-296 aligncenter\" src=\"http:\/\/www.bodrumsseiten.de\/wp-content\/uploads\/Alybella-Pestemal-Handgewebt-Meliert-Hamamtuch-Saunatuch-Strandtuch-Tuch.jpg\" alt=\"Alybella-Pestemals-Saunatuch-Hamamtuch-Strandtuch\" \/><\/a><\/p>\n","protected":false},"excerpt":{"rendered":"<p>Our apartment can be found here: Apartment Travel reports and information about Bodrum and surroundings Bodrum ist ein malerischer Ort im s\u00fcdwestlichen Zipfel der t\u00fcrkischen \u00c4g\u00e4is. Die Bucht wird beherrscht von dem Wahrzeichen Bodrums, dem auf einer kleinen Halbinsel im Hafen der Stadt gelegenen wuchtigen Kastell St. Peter. Erbaut von den Johannitern im 15. Jh. &hellip; <a href=\"http:\/\/bodrumsseiten.de\/en\/\" class=\"more-link\">Continue reading <span class=\"screen-reader-text\">Bodrum<\/span> <span class=\"meta-nav\">&rarr;<\/span><\/a><\/p>\n","protected":false},"author":1,"featured_media":0,"parent":0,"menu_order":0,"comment_status":"closed","ping_status":"open","template":"","meta":[],"translation":{"provider":"WPGlobus","version":"3.0.1","language":"en","enabled_languages":["de","en"],"languages":{"de":{"title":true,"content":true,"excerpt":false},"en":{"title":true,"content":true,"excerpt":false}}},"jetpack_sharing_enabled":true,"_links":{"self":[{"href":"http:\/\/bodrumsseiten.de\/en\/wp-json\/wp\/v2\/pages\/109"}],"collection":[{"href":"http:\/\/bodrumsseiten.de\/en\/wp-json\/wp\/v2\/pages"}],"about":[{"href":"http:\/\/bodrumsseiten.de\/en\/wp-json\/wp\/v2\/types\/page"}],"author":[{"embeddable":true,"href":"http:\/\/bodrumsseiten.de\/en\/wp-json\/wp\/v2\/users\/1"}],"replies":[{"embeddable":true,"href":"http:\/\/bodrumsseiten.de\/en\/wp-json\/wp\/v2\/comments?post=109"}],"version-history":[{"count":31,"href":"http:\/\/bodrumsseiten.de\/en\/wp-json\/wp\/v2\/pages\/109\/revisions"}],"predecessor-version":[{"id":3057,"href":"http:\/\/bodrumsseiten.de\/en\/wp-json\/wp\/v2\/pages\/109\/revisions\/3057"}],"wp:attachment":[{"href":"http:\/\/bodrumsseiten.de\/en\/wp-json\/wp\/v2\/media?parent=109"}],"curies":[{"name":"wp","href":"https:\/\/api.w.org\/{rel}","templated":true}]}}